{"id":37,"date":"2024-03-13T23:38:47","date_gmt":"2024-03-13T22:38:47","guid":{"rendered":"https:\/\/client.david-stary.cz\/it-products\/praniacisteni\/cs\/?page_id=37"},"modified":"2024-03-13T23:38:47","modified_gmt":"2024-03-13T22:38:47","slug":"pracovni-odevy","status":"publish","type":"page","link":"https:\/\/www.praniacisteni.cz\/cs\/prani-a-cisteni\/pracovni-odevy","title":{"rendered":"Pracovn\u00ed od\u011bvy"},"content":{"rendered":"<p><strong>PRO\u010c SI PRONAJ\u00cdMAT PRACOVN\u00cd OBLE\u010cEN\u00cd?<\/strong><\/p>\n<ul>\n<li>Image firmy a jejich pracovn\u00edk\u016f<\/li>\n<li>Spolehlivost procesu pr\u016fmyslov\u00e9ho pran\u00ed<\/li>\n<li>Financov\u00e1n\u00ed \u2013 odpad\u00e1 investice spojen\u00e1 s po\u0159\u00edzen\u00edm oble\u010den\u00ed, nulov\u00e9 vlastn\u00ed z\u00e1soby<\/li>\n<li>Hygiena a \u010distota oble\u010den\u00ed<\/li>\n<li>Syst\u00e9mov\u00e9 zna\u010den\u00ed a evidence oble\u010den\u00ed<\/li>\n<\/ul>\n<p>Krom\u011b pran\u00ed je pravideln\u011b kontrolov\u00e1n stav oble\u010den\u00ed, po\u0161kozen\u00e9 opravujeme, po skon\u010den\u00ed jejich \u017eivotnosti nahrazujeme nov\u00fdmi. Podporujeme tak image va\u0161\u00ed spole\u010dnosti.<br \/>\nSpolehlivost procesu pr\u016fmyslov\u00e9ho pran\u00ed, na rozd\u00edl od pran\u00ed doma, znamen\u00e1 dodr\u017eov\u00e1n\u00ed postup\u016f a proces\u016f \u00fadr\u017eby pracovn\u00edho oble\u010den\u00ed podle pravidel ur\u010den\u00fdch v\u00fdrobcem. Tyto postupy standardn\u011b dodr\u017eujeme pro maxim\u00e1ln\u011b mo\u017en\u00e9 udr\u017een\u00ed \u017eivotnosti, vlastnost\u00ed, stavu, barev a kvality oble\u010den\u00ed.<br \/>\nO hygienu a \u010distotu pracovn\u00edch od\u011bv\u016f se star\u00e1me my. Podpo\u0159\u00edme t\u00edm Va\u0161e podnik\u00e1n\u00ed vy\u0161\u0161\u00ed spokojenost\u00ed pracovn\u00edk\u016f.<br \/>\nV\u0161echny servisn\u00ed od\u011bvy jsou syst\u00e9mov\u011b ozna\u010den\u00e9 \u010d\u00e1rov\u00fdm k\u00f3dem a jmenovkou se jm\u00e9nem nositele.<\/p>\n<p>Pom\u016f\u017eeme V\u00e1m s v\u00fdb\u011brem vhodn\u00fdch pracovn\u00edch od\u011bv\u016f (standardn\u00edch i ochrann\u00fdch), zajist\u00edme dod\u00e1n\u00ed spr\u00e1vn\u00fdch velikost\u00ed, v\u00fdm\u011bna po opot\u0159eben\u00ed je samoz\u0159ejmost\u00ed, postar\u00e1me se o p\u0159esnou distribuci od\u011bv\u016f zam\u011bstnanc\u016fm.<\/p>\n","protected":false},"excerpt":{"rendered":"<p>PRO\u010c SI PRONAJ\u00cdMAT PRACOVN\u00cd OBLE\u010cEN\u00cd? Image firmy a jejich pracovn\u00edk\u016f Spolehlivost procesu pr\u016fmyslov\u00e9ho pran\u00ed Financov\u00e1n\u00ed \u2013 odpad\u00e1 investice spojen\u00e1 s&hellip;<\/p>\n","protected":false},"author":1,"featured_media":0,"parent":11,"menu_order":3,"comment_status":"closed","ping_status":"closed","template":"","meta":{"footnotes":""},"class_list":["post-37","page","type-page","status-publish","hentry"],"_links":{"self":[{"href":"https:\/\/www.praniacisteni.cz\/cs\/wp-json\/wp\/v2\/pages\/37"}],"collection":[{"href":"https:\/\/www.praniacisteni.cz\/cs\/wp-json\/wp\/v2\/pages"}],"about":[{"href":"https:\/\/www.praniacisteni.cz\/cs\/wp-json\/wp\/v2\/types\/page"}],"author":[{"embeddable":true,"href":"https:\/\/www.praniacisteni.cz\/cs\/wp-json\/wp\/v2\/users\/1"}],"replies":[{"embeddable":true,"href":"https:\/\/www.praniacisteni.cz\/cs\/wp-json\/wp\/v2\/comments?post=37"}],"version-history":[{"count":0,"href":"https:\/\/www.praniacisteni.cz\/cs\/wp-json\/wp\/v2\/pages\/37\/revisions"}],"up":[{"embeddable":true,"href":"https:\/\/www.praniacisteni.cz\/cs\/wp-json\/wp\/v2\/pages\/11"}],"wp:attachment":[{"href":"https:\/\/www.praniacisteni.cz\/cs\/wp-json\/wp\/v2\/media?parent=37"}],"curies":[{"name":"wp","href":"https:\/\/api.w.org\/{rel}","templated":true}]}}