{"id":36,"date":"2024-03-13T23:38:37","date_gmt":"2024-03-13T22:38:37","guid":{"rendered":"https:\/\/client.david-stary.cz\/it-products\/praniacisteni\/cs\/?page_id=36"},"modified":"2024-03-20T13:56:55","modified_gmt":"2024-03-20T12:56:55","slug":"zdravotnictvi-a-socialni-sluzby","status":"publish","type":"page","link":"https:\/\/www.praniacisteni.cz\/cs\/prani-a-cisteni\/zdravotnictvi-a-socialni-sluzby","title":{"rendered":"Zdravotnictv\u00ed a soci\u00e1ln\u00ed slu\u017eby"},"content":{"rendered":"<p><strong>Spole\u010dnost Pran\u00ed a \u010di\u0161t\u011bn\u00ed, a.s. je dr\u017eitelem t\u011bchto certifikac\u00ed a opr\u00e1vn\u011bn\u00ed:<\/strong><\/p>\n<ul>\n<li>EN 14065 \u2013 Kontroln\u00ed syst\u00e9m biokontaminace (RABC)<\/li>\n<li>RAL-GZ 992\/1, Odborn\u00e9 o\u0161et\u0159en\u00ed pr\u00e1dla z ubytovac\u00edch za\u0159\u00edzen\u00ed, restaurac\u00ed a dom\u00e1cnost\u00ed<\/li>\n<li>RAL-GZ 992\/2, Odborn\u00e9 o\u0161et\u0159en\u00ed pr\u00e1dla ze zdravotnick\u00fdch za\u0159\u00edzen\u00ed<\/li>\n<li>OS 80-01 Odborn\u00e9 o\u0161et\u0159en\u00ed pr\u00e1dla ze zdravotnick\u00fdch za\u0159\u00edzen\u00ed a za\u0159\u00edzen\u00ed soci\u00e1ln\u00edch slu\u017eeb<\/li>\n<li>OS 80-02 Odborn\u00e9 o\u0161et\u0159en\u00ed pr\u00e1dla z potravin\u00e1\u0159sk\u00fdch provoz\u016f<\/li>\n<li>OS 80-03 Odborn\u00e9 o\u0161et\u0159en\u00ed hotelov\u00e9ho pr\u00e1dla<\/li>\n<li>ISO 9001 Syst\u00e9m \u0159\u00edzen\u00ed kvality<\/li>\n<li>ISO 14001 Syst\u00e9m environment\u00e1ln\u00edho managementu<\/li>\n<\/ul>\n<p><strong>Na\u0161im z\u00e1kazn\u00edk\u016fm poskytujeme komplexn\u00ed \u0159e\u0161en\u00ed a slu\u017eby v oblastech:<\/strong><\/p>\n<ul>\n<li>Pron\u00e1jem kompletn\u00edho lo\u017en\u00edho pr\u00e1dla v\u010d. pr\u00e1delensk\u00e9ho servisu<\/li>\n<li>\u00dadr\u017eba z\u00e1kaznick\u00e9ho pr\u00e1dla a pron\u00e1jem person\u00e1ln\u00edho pr\u00e1dla v\u010d. oprav<\/li>\n<li>Chemick\u00e9 \u010di\u0161t\u011bn\u00ed od\u011bv\u016f a textilu a poradenstv\u00ed<\/li>\n<li>Pron\u00e1jem a servis \u010dist\u00edc\u00edch roho\u017e\u00ed a n\u00e1kup a prodej pr\u00e1dla<\/li>\n<\/ul>\n<p><strong>Co z\u00edsk\u00e1te komplexn\u00edm pron\u00e1jmem pr\u00e1dla?<\/strong><\/p>\n<ul>\n<li>Pron\u00e1jem kompletn\u00edho lo\u017en\u00edho pr\u00e1dla v\u010d. pr\u00e1delensk\u00e9ho servisu<\/li>\n<li>\u00dadr\u017eba z\u00e1kaznick\u00e9ho pr\u00e1dla a pron\u00e1jem person\u00e1ln\u00edho pr\u00e1dla v\u010d. oprav<\/li>\n<li>Chemick\u00e9 \u010di\u0161t\u011bn\u00ed od\u011bv\u016f a textilu a poradenstv\u00ed<\/li>\n<li>Pron\u00e1jem a servis \u010dist\u00edc\u00edch roho\u017e\u00ed a n\u00e1kup a prodej pr\u00e1dla<\/li>\n<\/ul>\n<p><strong>Co slu\u017eba zahrnuje<\/strong><\/p>\n<ul>\n<li>Odpad\u00e1 investice spojen\u00e1 s po\u0159\u00edzen\u00edm pr\u00e1dla, nulov\u00e9 vlastn\u00ed z\u00e1soby.<\/li>\n<li>Odpad\u00e1 probl\u00e9m se skladov\u00e1n\u00edm v\u011bt\u0161\u00edho mno\u017estv\u00ed pr\u00e1dla.<\/li>\n<li>K dispozici neust\u00e1le dostate\u010dn\u00fd po\u010det pr\u00e1dla.<\/li>\n<li>Pr\u00e1dlo je st\u00e1le v perfektn\u00ed kondici d\u00edky pravideln\u00fdm obm\u011bn\u00e1m.<\/li>\n<li>Starost o pr\u00e1dlo je kompletn\u011b p\u0159esunuta na na\u0161i firmu =&gt; \u00faspory \u010dasu managementu a odpov\u011bdn\u00e9ho person\u00e1lu<\/li>\n<li>Okam\u017eit\u00fd p\u0159ehled o n\u00e1kladech.<\/li>\n<li>Odpad\u00e1 riziko n\u00e1kupu nekvalitn\u00edho \u010di pro profesion\u00e1ln\u00ed vyu\u017eit\u00ed nevhodn\u00e9ho pr\u00e1dla.<\/li>\n<\/ul>\n<p>PR\u00c1DLO PRONAJ\u00cdM\u00c1ME I JEDNOR\u00c1ZOV\u011a, K P\u0158EKLENUT\u00cd DO\u010cASN\u00c9HO NEDOSTATKU VA\u0160ICH VLASTN\u00cdCH Z\u00c1SOB.<\/p>\n<p><img loading=\"lazy\" decoding=\"async\" class=\"alignnone size-full wp-image-57\" src=\"https:\/\/www.praniacisteni.cz\/cs\/wp-content\/uploads\/sites\/2\/2024\/03\/miniatura-ral2.png\" alt=\"\" width=\"500\" height=\"500\" \/><\/p>\n","protected":false},"excerpt":{"rendered":"<p>Spole\u010dnost Pran\u00ed a \u010di\u0161t\u011bn\u00ed, a.s. je dr\u017eitelem t\u011bchto certifikac\u00ed a opr\u00e1vn\u011bn\u00ed: EN 14065 \u2013 Kontroln\u00ed syst\u00e9m biokontaminace (RABC) RAL-GZ 992\/1,&hellip;<\/p>\n","protected":false},"author":1,"featured_media":0,"parent":11,"menu_order":2,"comment_status":"closed","ping_status":"closed","template":"","meta":{"footnotes":""},"class_list":["post-36","page","type-page","status-publish","hentry"],"_links":{"self":[{"href":"https:\/\/www.praniacisteni.cz\/cs\/wp-json\/wp\/v2\/pages\/36"}],"collection":[{"href":"https:\/\/www.praniacisteni.cz\/cs\/wp-json\/wp\/v2\/pages"}],"about":[{"href":"https:\/\/www.praniacisteni.cz\/cs\/wp-json\/wp\/v2\/types\/page"}],"author":[{"embeddable":true,"href":"https:\/\/www.praniacisteni.cz\/cs\/wp-json\/wp\/v2\/users\/1"}],"replies":[{"embeddable":true,"href":"https:\/\/www.praniacisteni.cz\/cs\/wp-json\/wp\/v2\/comments?post=36"}],"version-history":[{"count":1,"href":"https:\/\/www.praniacisteni.cz\/cs\/wp-json\/wp\/v2\/pages\/36\/revisions"}],"predecessor-version":[{"id":126,"href":"https:\/\/www.praniacisteni.cz\/cs\/wp-json\/wp\/v2\/pages\/36\/revisions\/126"}],"up":[{"embeddable":true,"href":"https:\/\/www.praniacisteni.cz\/cs\/wp-json\/wp\/v2\/pages\/11"}],"wp:attachment":[{"href":"https:\/\/www.praniacisteni.cz\/cs\/wp-json\/wp\/v2\/media?parent=36"}],"curies":[{"name":"wp","href":"https:\/\/api.w.org\/{rel}","templated":true}]}}