{"id":24,"date":"2024-03-13T23:32:35","date_gmt":"2024-03-13T22:32:35","guid":{"rendered":"https:\/\/client.david-stary.cz\/it-products\/praniacisteni\/cs\/?page_id=24"},"modified":"2024-03-20T13:52:40","modified_gmt":"2024-03-20T12:52:40","slug":"dotace-eu","status":"publish","type":"page","link":"https:\/\/www.praniacisteni.cz\/cs\/o-nas\/dotace-eu","title":{"rendered":"Dotace EU"},"content":{"rendered":"<h2>Podpora Evropsk\u00e9 unie projektu \u201eV\u00fdm\u011bna technologick\u00fdch linek v pr\u00e1deln\u011b\u201c<\/h2>\n<p>Spole\u010dnost Pran\u00ed a \u010di\u0161t\u011bn\u00ed s.r.o. realizuje projekt CZ.01.3.10\/0.0\/0.0\/19_251\/0021904 \u201eV\u00fdm\u011bna technologick\u00fdch linek v pr\u00e1deln\u011b\u201c.<\/p>\n<p>C\u00edlem projektu je sn\u00ed\u017een\u00ed energetick\u00e9 n\u00e1ro\u010dnosti\/zv\u00fd\u0161en\u00ed energetick\u00e9 \u00fa\u010dinnosti v\u00fdrobn\u00edch a technologick\u00fdch proces\u016f n\u00e1hradou st\u00e1vaj\u00edc\u00edch technologi\u00ed pr\u00e1delny &#8211; dvou st\u00e1vaj\u00edc\u00edch \u017eehlic\u00edch linek za nov\u00e9 modern\u00ed technologie s n\u00edzkou energetickou n\u00e1ro\u010dnost\u00ed a instalaci filtra\u010dn\u00edho a recirkula\u010dn\u00edho syst\u00e9mu pro oh\u0159\u00e1tou technologickou vodu. Projekt tak, jak je navr\u017een a je proveden, generuje energetick\u00e9 a t\u00edm p\u00e1dem i finan\u010dn\u00ed \u00faspory. Realizace projektu bude p\u0159in\u00e1\u0161et sn\u00ed\u017een\u00ed emis\u00ed, \u00faspory energie, \u00faspory provozn\u00edch n\u00e1klad\u016f firmy.<\/p>\n<p>Na tento projekt byla poskytnuta finan\u010dn\u00ed podpora od Evropsk\u00e9 unie v r\u00e1mci Opera\u010dn\u00edho programu Podnik\u00e1n\u00ed a inovace pro konkurenceschopnost.<\/p>\n<p><img loading=\"lazy\" decoding=\"async\" class=\"alignnone size-full wp-image-75\" src=\"https:\/\/www.praniacisteni.cz\/cs\/wp-content\/uploads\/sites\/2\/2024\/03\/dotace-eu.png\" alt=\"\" width=\"400\" height=\"125\" \/><\/p>\n<h2>Podpora Evropsk\u00e9 unie projektu &#8222;Sn\u00ed\u017een\u00ed energetick\u00e9 n\u00e1ro\u010dnosti provozu pr\u00e1delny&#8220;<\/h2>\n<p>Spole\u010dnost Pran\u00ed a \u010di\u0161t\u011bn\u00ed, a.s. realizuje projekt CZ.01.3.10\/0.0\/0.0\/17_101\/0013588 &#8222;Sn\u00ed\u017een\u00ed energetick\u00e9 n\u00e1ro\u010dnosti provozu pr\u00e1delny&#8220;.<\/p>\n<p>C\u00edlem projektu je sn\u00ed\u017een\u00ed energetick\u00e9 n\u00e1ro\u010dnosti provozu pr\u00e1delny instalac\u00ed expand\u00e9ru pro v\u00fdrobu n\u00edzkotlak\u00e9 p\u00e1ry, v\u00fdm\u011bn\u00edkov\u00e9ho syst\u00e9mu voda\/voda, v\u00fdm\u011bn\u00edkov\u00fdch syst\u00e9m\u016f vzduch\/voda a v\u00fdm\u011bnou t\u0159\u00ed parn\u00edch bubnov\u00fdch su\u0161i\u010d\u016f za nov\u00e9, energeticky \u00fasporn\u00e9.<\/p>\n<p>Na tento projekt byla poskytnuta finan\u010dn\u00ed podpora od Evropsk\u00e9 unie v r\u00e1mci Opera\u010dn\u00edho programu Podnik\u00e1n\u00ed a inovace pro konkurenceschopnost.<\/p>\n<p><img loading=\"lazy\" decoding=\"async\" class=\"alignleft size-full wp-image-75\" src=\"https:\/\/www.praniacisteni.cz\/cs\/wp-content\/uploads\/sites\/2\/2024\/03\/dotace-eu.png\" alt=\"\" width=\"400\" height=\"125\" \/><\/p>\n<p>&nbsp;<\/p>\n","protected":false},"excerpt":{"rendered":"<p>Podpora Evropsk\u00e9 unie projektu \u201eV\u00fdm\u011bna technologick\u00fdch linek v pr\u00e1deln\u011b\u201c Spole\u010dnost Pran\u00ed a \u010di\u0161t\u011bn\u00ed s.r.o. realizuje projekt CZ.01.3.10\/0.0\/0.0\/19_251\/0021904 \u201eV\u00fdm\u011bna technologick\u00fdch linek&hellip;<\/p>\n","protected":false},"author":1,"featured_media":0,"parent":8,"menu_order":9,"comment_status":"closed","ping_status":"closed","template":"","meta":{"footnotes":""},"class_list":["post-24","page","type-page","status-publish","hentry"],"_links":{"self":[{"href":"https:\/\/www.praniacisteni.cz\/cs\/wp-json\/wp\/v2\/pages\/24"}],"collection":[{"href":"https:\/\/www.praniacisteni.cz\/cs\/wp-json\/wp\/v2\/pages"}],"about":[{"href":"https:\/\/www.praniacisteni.cz\/cs\/wp-json\/wp\/v2\/types\/page"}],"author":[{"embeddable":true,"href":"https:\/\/www.praniacisteni.cz\/cs\/wp-json\/wp\/v2\/users\/1"}],"replies":[{"embeddable":true,"href":"https:\/\/www.praniacisteni.cz\/cs\/wp-json\/wp\/v2\/comments?post=24"}],"version-history":[{"count":3,"href":"https:\/\/www.praniacisteni.cz\/cs\/wp-json\/wp\/v2\/pages\/24\/revisions"}],"predecessor-version":[{"id":123,"href":"https:\/\/www.praniacisteni.cz\/cs\/wp-json\/wp\/v2\/pages\/24\/revisions\/123"}],"up":[{"embeddable":true,"href":"https:\/\/www.praniacisteni.cz\/cs\/wp-json\/wp\/v2\/pages\/8"}],"wp:attachment":[{"href":"https:\/\/www.praniacisteni.cz\/cs\/wp-json\/wp\/v2\/media?parent=24"}],"curies":[{"name":"wp","href":"https:\/\/api.w.org\/{rel}","templated":true}]}}