{"id":22,"date":"2024-03-13T23:32:09","date_gmt":"2024-03-13T22:32:09","guid":{"rendered":"https:\/\/client.david-stary.cz\/it-products\/praniacisteni\/cs\/?page_id=22"},"modified":"2024-03-13T23:32:09","modified_gmt":"2024-03-13T22:32:09","slug":"chemicke-cisteni","status":"publish","type":"page","link":"https:\/\/www.praniacisteni.cz\/cs\/o-nas\/chemicke-cisteni","title":{"rendered":"Chemick\u00e9 \u010di\u0161t\u011bn\u00ed"},"content":{"rendered":"<p><strong>Modern\u00ed mokr\u00e9 \u010di\u0161t\u011bn\u00ed:<\/strong><\/p>\n<ul>\n<li>je \u0161etrn\u011bj\u0161\u00ed v\u016f\u010di \u017eivotn\u00edmu prost\u0159ed\u00ed<\/li>\n<li>s jeho pomoc\u00ed lze \u00fasp\u011b\u0161n\u011b odstranit i ne\u010distoty rozpustn\u00e9 pouze ve vod\u011b, kter\u00e9 neodstran\u00ed chemick\u00e9 \u010di\u0161t\u011bn\u00ed (cukr, s\u016fl, n\u00e1poje, pot, \u0161krob, b\u00edlkoviny, ml\u00e9ko, potraviny), a to v r\u00e1mci zachov\u00e1n\u00ed ochrany textiln\u00edho vl\u00e1kna p\u0159edem p\u016fsoben\u00edm vody a prac\u00ed mechaniky<\/li>\n<li>jeho prost\u0159ednictv\u00edm je mo\u017en\u00e9 dos\u00e1hnout vy\u0161\u0161\u00edch hygienick\u00fdch standard\u016f, v\u016fn\u011b a p\u0159\u00edjemn\u00e9ho omaku<br \/>\ndosahuje lep\u0161\u00edch v\u00fdsledk\u016f p\u0159i odstra\u0148ov\u00e1n\u00ed ne\u010distot<\/li>\n<\/ul>\n<p><img loading=\"lazy\" decoding=\"async\" class=\"alignleft size-full wp-image-72\" src=\"https:\/\/www.praniacisteni.cz\/cs\/wp-content\/uploads\/sites\/2\/2024\/03\/chemicke-cisteni.jpg\" alt=\"\" width=\"340\" height=\"509\" \/><\/p>\n","protected":false},"excerpt":{"rendered":"<p>Modern\u00ed mokr\u00e9 \u010di\u0161t\u011bn\u00ed: je \u0161etrn\u011bj\u0161\u00ed v\u016f\u010di \u017eivotn\u00edmu prost\u0159ed\u00ed s jeho pomoc\u00ed lze \u00fasp\u011b\u0161n\u011b odstranit i ne\u010distoty rozpustn\u00e9 pouze ve vod\u011b,&hellip;<\/p>\n","protected":false},"author":1,"featured_media":0,"parent":8,"menu_order":7,"comment_status":"closed","ping_status":"closed","template":"","meta":{"footnotes":""},"class_list":["post-22","page","type-page","status-publish","hentry"],"_links":{"self":[{"href":"https:\/\/www.praniacisteni.cz\/cs\/wp-json\/wp\/v2\/pages\/22"}],"collection":[{"href":"https:\/\/www.praniacisteni.cz\/cs\/wp-json\/wp\/v2\/pages"}],"about":[{"href":"https:\/\/www.praniacisteni.cz\/cs\/wp-json\/wp\/v2\/types\/page"}],"author":[{"embeddable":true,"href":"https:\/\/www.praniacisteni.cz\/cs\/wp-json\/wp\/v2\/users\/1"}],"replies":[{"embeddable":true,"href":"https:\/\/www.praniacisteni.cz\/cs\/wp-json\/wp\/v2\/comments?post=22"}],"version-history":[{"count":0,"href":"https:\/\/www.praniacisteni.cz\/cs\/wp-json\/wp\/v2\/pages\/22\/revisions"}],"up":[{"embeddable":true,"href":"https:\/\/www.praniacisteni.cz\/cs\/wp-json\/wp\/v2\/pages\/8"}],"wp:attachment":[{"href":"https:\/\/www.praniacisteni.cz\/cs\/wp-json\/wp\/v2\/media?parent=22"}],"curies":[{"name":"wp","href":"https:\/\/api.w.org\/{rel}","templated":true}]}}