{"id":21,"date":"2024-03-13T23:31:58","date_gmt":"2024-03-13T22:31:58","guid":{"rendered":"https:\/\/client.david-stary.cz\/it-products\/praniacisteni\/cs\/?page_id=21"},"modified":"2024-03-13T23:31:58","modified_gmt":"2024-03-13T22:31:58","slug":"oceneni-a-normy","status":"publish","type":"page","link":"https:\/\/www.praniacisteni.cz\/cs\/o-nas\/oceneni-a-normy","title":{"rendered":"Ocen\u011bn\u00ed a normy"},"content":{"rendered":"<p><strong>Spole\u010dnost Pran\u00ed a \u010di\u0161t\u011bn\u00ed, a.s. je dr\u017eitelem t\u011bchto certifikac\u00ed a opr\u00e1vn\u011bn\u00ed:<\/strong><\/p>\n<ul>\n<li>RAL-GZ 992\/1, odborn\u00e9 o\u0161et\u0159en\u00ed pr\u00e1dla z ubytovac\u00edch za\u0159\u00edzen\u00ed, restaurac\u00ed a dom\u00e1cnost\u00ed<\/li>\n<li>RAL-GZ 992\/2, odborn\u00e9 o\u0161et\u0159en\u00ed pr\u00e1dla ze zdravotnick\u00fdch za\u0159\u00edzen\u00ed<\/li>\n<\/ul>\n","protected":false},"excerpt":{"rendered":"<p>Spole\u010dnost Pran\u00ed a \u010di\u0161t\u011bn\u00ed, a.s. je dr\u017eitelem t\u011bchto certifikac\u00ed a opr\u00e1vn\u011bn\u00ed: RAL-GZ 992\/1, odborn\u00e9 o\u0161et\u0159en\u00ed pr\u00e1dla z ubytovac\u00edch za\u0159\u00edzen\u00ed, restaurac\u00ed&hellip;<\/p>\n","protected":false},"author":1,"featured_media":0,"parent":8,"menu_order":6,"comment_status":"closed","ping_status":"closed","template":"","meta":{"footnotes":""},"class_list":["post-21","page","type-page","status-publish","hentry"],"_links":{"self":[{"href":"https:\/\/www.praniacisteni.cz\/cs\/wp-json\/wp\/v2\/pages\/21"}],"collection":[{"href":"https:\/\/www.praniacisteni.cz\/cs\/wp-json\/wp\/v2\/pages"}],"about":[{"href":"https:\/\/www.praniacisteni.cz\/cs\/wp-json\/wp\/v2\/types\/page"}],"author":[{"embeddable":true,"href":"https:\/\/www.praniacisteni.cz\/cs\/wp-json\/wp\/v2\/users\/1"}],"replies":[{"embeddable":true,"href":"https:\/\/www.praniacisteni.cz\/cs\/wp-json\/wp\/v2\/comments?post=21"}],"version-history":[{"count":0,"href":"https:\/\/www.praniacisteni.cz\/cs\/wp-json\/wp\/v2\/pages\/21\/revisions"}],"up":[{"embeddable":true,"href":"https:\/\/www.praniacisteni.cz\/cs\/wp-json\/wp\/v2\/pages\/8"}],"wp:attachment":[{"href":"https:\/\/www.praniacisteni.cz\/cs\/wp-json\/wp\/v2\/media?parent=21"}],"curies":[{"name":"wp","href":"https:\/\/api.w.org\/{rel}","templated":true}]}}