{"id":20,"date":"2024-03-13T23:31:46","date_gmt":"2024-03-13T22:31:46","guid":{"rendered":"https:\/\/client.david-stary.cz\/it-products\/praniacisteni\/cs\/?page_id=20"},"modified":"2024-03-13T23:31:46","modified_gmt":"2024-03-13T22:31:46","slug":"ekologie","status":"publish","type":"page","link":"https:\/\/www.praniacisteni.cz\/cs\/o-nas\/ekologie","title":{"rendered":"Ekologie"},"content":{"rendered":"<p><strong>Na\u0161e hlavn\u00ed p\u0159\u00edsp\u011bvky k ochran\u011b \u017eivotn\u00edho prost\u0159ed\u00ed<\/strong><\/p>\n<p>Nejd\u016fle\u017eit\u011bj\u0161\u00edm krit\u00e9riem kvality jsou pro n\u00e1s spokojen\u00ed z\u00e1kazn\u00edci. D\u016fsledn\u011b dodr\u017eujeme z\u00e1konn\u00e9 a profesn\u00ed normy. Db\u00e1me na ochranu \u017eivotn\u00edho prost\u0159ed\u00ed. Pou\u017e\u00edv\u00e1me technologii pran\u00ed a prac\u00ed prost\u0159edky od p\u0159edn\u00edch mezin\u00e1rodn\u00edch firem v oboru p\u00e9\u010de o textil. Pravideln\u00e9 zkou\u0161ky v renomovan\u00fdch textiln\u00edch zku\u0161ebn\u00edch laborato\u0159\u00edch potvrzuj\u00ed velmi dobrou kvalitu a \u0161etrnost na\u0161eho pran\u00ed.<\/p>\n<ul>\n<li>Pou\u017e\u00edv\u00e1me pouze chemik\u00e1lie a pracovn\u00ed postupy \u0161etrn\u00e9 k \u017eivotn\u00edmu prost\u0159ed\u00ed<\/li>\n<li>P\u0159esn\u00e9, po\u010d\u00edta\u010dem \u0159\u00edzen\u00e9 d\u00e1vkov\u00e1n\u00ed prac\u00edch prost\u0159edk\u016f<\/li>\n<li>Minimalizace spot\u0159eby energi\u00ed a vody d\u00edky modern\u00edm technologi\u00edm<\/li>\n<li>Ochlazov\u00e1n\u00ed odpadn\u00edch vod p\u0159i zp\u011btn\u00e9m z\u00edsk\u00e1v\u00e1n\u00ed tepla<\/li>\n<li>Velmi n\u00edzk\u00e9 emise na\u0161\u00ed modern\u00ed plynov\u00e9 kotelny<\/li>\n<li>Chemick\u00e9 \u010di\u0161t\u011bn\u00ed s recyklac\u00ed a bez v\u00fdpar\u016f rozpou\u0161t\u011bdel do ovzdu\u0161\u00ed<\/li>\n<li>P\u0159\u00edsn\u011b dodr\u017eovan\u00e1 pravidla likvidace nebezpe\u010dn\u00fdch odpad\u016f specializovan\u00fdmi firmami<\/li>\n<\/ul>\n","protected":false},"excerpt":{"rendered":"<p>Na\u0161e hlavn\u00ed p\u0159\u00edsp\u011bvky k ochran\u011b \u017eivotn\u00edho prost\u0159ed\u00ed Nejd\u016fle\u017eit\u011bj\u0161\u00edm krit\u00e9riem kvality jsou pro n\u00e1s spokojen\u00ed z\u00e1kazn\u00edci. D\u016fsledn\u011b dodr\u017eujeme z\u00e1konn\u00e9 a profesn\u00ed&hellip;<\/p>\n","protected":false},"author":1,"featured_media":0,"parent":8,"menu_order":5,"comment_status":"closed","ping_status":"closed","template":"","meta":{"footnotes":""},"class_list":["post-20","page","type-page","status-publish","hentry"],"_links":{"self":[{"href":"https:\/\/www.praniacisteni.cz\/cs\/wp-json\/wp\/v2\/pages\/20"}],"collection":[{"href":"https:\/\/www.praniacisteni.cz\/cs\/wp-json\/wp\/v2\/pages"}],"about":[{"href":"https:\/\/www.praniacisteni.cz\/cs\/wp-json\/wp\/v2\/types\/page"}],"author":[{"embeddable":true,"href":"https:\/\/www.praniacisteni.cz\/cs\/wp-json\/wp\/v2\/users\/1"}],"replies":[{"embeddable":true,"href":"https:\/\/www.praniacisteni.cz\/cs\/wp-json\/wp\/v2\/comments?post=20"}],"version-history":[{"count":0,"href":"https:\/\/www.praniacisteni.cz\/cs\/wp-json\/wp\/v2\/pages\/20\/revisions"}],"up":[{"embeddable":true,"href":"https:\/\/www.praniacisteni.cz\/cs\/wp-json\/wp\/v2\/pages\/8"}],"wp:attachment":[{"href":"https:\/\/www.praniacisteni.cz\/cs\/wp-json\/wp\/v2\/media?parent=20"}],"curies":[{"name":"wp","href":"https:\/\/api.w.org\/{rel}","templated":true}]}}