{"id":19,"date":"2024-03-13T23:31:34","date_gmt":"2024-03-13T22:31:34","guid":{"rendered":"https:\/\/client.david-stary.cz\/it-products\/praniacisteni\/cs\/?page_id=19"},"modified":"2024-03-20T13:46:07","modified_gmt":"2024-03-20T12:46:07","slug":"technologie-a-technika","status":"publish","type":"page","link":"https:\/\/www.praniacisteni.cz\/cs\/o-nas\/technologie-a-technika","title":{"rendered":"Technologie a technika"},"content":{"rendered":"<p><img loading=\"lazy\" decoding=\"async\" class=\"alignnone wp-image-118 size-full\" src=\"https:\/\/www.praniacisteni.cz\/cs\/wp-content\/uploads\/sites\/2\/2024\/03\/susicky.jpg\" alt=\"\" width=\"600\" height=\"400\" \/><\/p>\n<p><strong>Technologick\u00e9 postupy<\/strong> nastavujeme podle nejnov\u011bj\u0161\u00edch poznatk\u016f v oboru. Pereme ve vod\u011b upraven\u00e9 pro kvalitn\u00ed pran\u00ed a pomoc\u00ed profesion\u00e1ln\u00edch prac\u00edch prost\u0159edk\u016f \u0161v\u00fdcarsk\u00e9 firmy CHT Bezema. Technologov\u00e9 firmy dod\u00e1vaj\u00edc\u00ed prac\u00ed prost\u0159edky pro n\u00e1s vytvo\u0159en\u00e9 na m\u00edru a trvale kontroluj\u00ed kvalitu cel\u00e9ho prac\u00edho procesu.<\/p>\n<p><img loading=\"lazy\" decoding=\"async\" class=\"alignnone size-full wp-image-119\" src=\"https:\/\/www.praniacisteni.cz\/cs\/wp-content\/uploads\/sites\/2\/2024\/03\/technika.jpg\" alt=\"\" width=\"600\" height=\"401\" \/><\/p>\n<p><strong>Trvale modernizujeme techniku.<\/strong> Na\u0161e pr\u00e1delna je vybavena nejmodern\u011bj\u0161\u00edmi stroji a strojn\u00edmi linkami pln\u011b srovnateln\u00fdmi s vybaven\u00edm modern\u00edch pr\u016fmyslov\u00fdch pr\u00e1delen v mezin\u00e1rodn\u00edm m\u011b\u0159\u00edtku. Na ka\u017ed\u00fd druh pr\u00e1dla, stupe\u0148 a druh za\u0161pin\u011bn\u00ed jsou p\u0159ipraveny prac\u00ed programy a nam\u00edch\u00e1no p\u0159esn\u00e9 slo\u017een\u00ed prac\u00edho prost\u0159edku, kter\u00fd je v mno\u017estv\u00ed odpov\u00eddaj\u00edc\u00edm v\u00e1ze pr\u00e1dla dod\u00e1v\u00e1n ve spr\u00e1vn\u00fd \u010das p\u0159\u00edmo do prac\u00ed l\u00e1zn\u011b. V\u0161e je automatizov\u00e1no a \u0159\u00edzeno po\u010d\u00edta\u010dem.<\/p>\n","protected":false},"excerpt":{"rendered":"<p>Technologick\u00e9 postupy nastavujeme podle nejnov\u011bj\u0161\u00edch poznatk\u016f v oboru. Pereme ve vod\u011b upraven\u00e9 pro kvalitn\u00ed pran\u00ed a pomoc\u00ed profesion\u00e1ln\u00edch prac\u00edch prost\u0159edk\u016f&hellip;<\/p>\n","protected":false},"author":1,"featured_media":0,"parent":8,"menu_order":4,"comment_status":"closed","ping_status":"closed","template":"","meta":{"footnotes":""},"class_list":["post-19","page","type-page","status-publish","hentry"],"_links":{"self":[{"href":"https:\/\/www.praniacisteni.cz\/cs\/wp-json\/wp\/v2\/pages\/19"}],"collection":[{"href":"https:\/\/www.praniacisteni.cz\/cs\/wp-json\/wp\/v2\/pages"}],"about":[{"href":"https:\/\/www.praniacisteni.cz\/cs\/wp-json\/wp\/v2\/types\/page"}],"author":[{"embeddable":true,"href":"https:\/\/www.praniacisteni.cz\/cs\/wp-json\/wp\/v2\/users\/1"}],"replies":[{"embeddable":true,"href":"https:\/\/www.praniacisteni.cz\/cs\/wp-json\/wp\/v2\/comments?post=19"}],"version-history":[{"count":2,"href":"https:\/\/www.praniacisteni.cz\/cs\/wp-json\/wp\/v2\/pages\/19\/revisions"}],"predecessor-version":[{"id":120,"href":"https:\/\/www.praniacisteni.cz\/cs\/wp-json\/wp\/v2\/pages\/19\/revisions\/120"}],"up":[{"embeddable":true,"href":"https:\/\/www.praniacisteni.cz\/cs\/wp-json\/wp\/v2\/pages\/8"}],"wp:attachment":[{"href":"https:\/\/www.praniacisteni.cz\/cs\/wp-json\/wp\/v2\/media?parent=19"}],"curies":[{"name":"wp","href":"https:\/\/api.w.org\/{rel}","templated":true}]}}