{"id":18,"date":"2024-03-13T23:31:18","date_gmt":"2024-03-13T22:31:18","guid":{"rendered":"https:\/\/client.david-stary.cz\/it-products\/praniacisteni\/cs\/?page_id=18"},"modified":"2024-03-20T13:55:05","modified_gmt":"2024-03-20T12:55:05","slug":"historie-a-soucasnost","status":"publish","type":"page","link":"https:\/\/www.praniacisteni.cz\/cs\/o-nas\/historie-a-soucasnost","title":{"rendered":"Historie a sou\u010dasnost"},"content":{"rendered":"<h2><strong>Kdo<\/strong> jsme<\/h2>\n<p>Na\u0161imi spokojen\u00fdmi z\u00e1kazn\u00edky jsou v\u00fdznamn\u00e9 \u010desk\u00e9 i mezin\u00e1rodn\u00ed l\u00e1ze\u0148sk\u00e9 a hotelov\u00e9 spole\u010dnosti a luxusn\u00ed hotely. Na\u0161e slu\u017eby vyu\u017e\u00edvaj\u00ed rovn\u011b\u017e podniky cestovn\u00edho ruchu a slu\u017eeb, lehk\u00e9ho i t\u011b\u017ek\u00e9ho pr\u016fmyslu, potravin\u00e1\u0159sk\u00e9ho pr\u016fmyslu, zdravotnick\u00e1, soci\u00e1ln\u00ed, \u0161kolsk\u00e1 a sportovn\u00ed za\u0159\u00edzen\u00ed, arm\u00e1da a dal\u0161\u00ed.<\/p>\n<p>PRAN\u00cd S \u010cI\u0160T\u011aN\u00cd, s.r.o. je jedna z nejv\u011bt\u0161\u00edch pr\u00e1delensk\u00fdch firem v \u010cR s v\u00edce ne\u017e stoletou tradic\u00ed. Jsme ryze \u010desk\u00e1 spole\u010dnost navazuj\u00edc\u00ed na dlouholetou tradici pran\u00ed a \u010di\u0161t\u011bn\u00ed ve Velk\u00e9 Hle\u010fsebi. Jme orientov\u00e1ni p\u0159edev\u0161\u00edm na z\u00e1kazn\u00edky z oboru l\u00e1ze\u0148stv\u00ed a hotelnictv\u00ed v proslul\u00e9m z\u00e1pado\u010desk\u00e9m l\u00e1ze\u0148sk\u00e9m regionu. Kvalita a komplexnost na\u0161ich slu\u017eeb uspokoj\u00ed i ty nejn\u00e1ro\u010dn\u011bj\u0161\u00ed z\u00e1kazn\u00edky.<\/p>\n<h2><strong>Historie<\/strong> a sou\u010dasnost<\/h2>\n<p>Nejd\u016fle\u017eit\u011bj\u0161\u00edm krit\u00e9riem kvality jsou pro n\u00e1s spokojen\u00ed z\u00e1kazn\u00edci. D\u016fsledn\u011b dodr\u017eujeme z\u00e1konn\u00e9 a profesn\u00ed normy. Db\u00e1me na ochranu \u017eivotn\u00edho prost\u0159ed\u00ed. Pou\u017e\u00edv\u00e1me technologii pran\u00ed a prac\u00ed prost\u0159edky od p\u0159edn\u00edch mezin\u00e1rodn\u00edch firem v oboru p\u00e9\u010de o textil. Pravideln\u00e9 zkou\u0161ky v renomovan\u00fdch textiln\u00edch zku\u0161ebn\u00edch laborato\u0159\u00edch potvrzuj\u00ed velmi dobrou kvalitu a \u0161etrnost na\u0161eho pran\u00ed.<\/p>\n<p>1910 \u2013 Zah\u00e1jen\u00ed \u010dinnosti pran\u00ed a \u010di\u0161t\u011bn\u00ed textili\u00ed ve Velk\u00e9 Hle\u010fsebi.<br \/>\n1991 \u2013 Zalo\u017een\u00ed spole\u010dnosti Pran\u00ed a \u010di\u0161t\u011bn\u00ed s.r.o.<br \/>\n1997 \u2013 Zah\u00e1jen\u00ed vlastn\u00ed \u010dinnosti pr\u016fmyslov\u00e9 pr\u00e1delny pod Pran\u00ed a \u010di\u0161t\u011bn\u00ed s.r.o. po privatizaci st\u00e1tn\u00edho podniku Pr\u00e1delna Velk\u00e1 Hle\u010fsebe.<br \/>\n2008 \u2013 Pran\u00ed a \u010di\u0161t\u011bn\u00ed s.r.o. se m\u011bn\u00ed na Pran\u00ed a \u010di\u0161t\u011bn\u00ed, a.s<br \/>\n2018 \u2013 V\u00fdstavba nov\u00e9 haly a v\u00fdznamn\u00e9 roz\u0161\u00ed\u0159en\u00ed provozu<\/p>\n","protected":false},"excerpt":{"rendered":"<p>Kdo jsme Na\u0161imi spokojen\u00fdmi z\u00e1kazn\u00edky jsou v\u00fdznamn\u00e9 \u010desk\u00e9 i mezin\u00e1rodn\u00ed l\u00e1ze\u0148sk\u00e9 a hotelov\u00e9 spole\u010dnosti a luxusn\u00ed hotely. Na\u0161e slu\u017eby vyu\u017e\u00edvaj\u00ed&hellip;<\/p>\n","protected":false},"author":1,"featured_media":0,"parent":8,"menu_order":3,"comment_status":"closed","ping_status":"closed","template":"","meta":{"footnotes":""},"class_list":["post-18","page","type-page","status-publish","hentry"],"_links":{"self":[{"href":"https:\/\/www.praniacisteni.cz\/cs\/wp-json\/wp\/v2\/pages\/18"}],"collection":[{"href":"https:\/\/www.praniacisteni.cz\/cs\/wp-json\/wp\/v2\/pages"}],"about":[{"href":"https:\/\/www.praniacisteni.cz\/cs\/wp-json\/wp\/v2\/types\/page"}],"author":[{"embeddable":true,"href":"https:\/\/www.praniacisteni.cz\/cs\/wp-json\/wp\/v2\/users\/1"}],"replies":[{"embeddable":true,"href":"https:\/\/www.praniacisteni.cz\/cs\/wp-json\/wp\/v2\/comments?post=18"}],"version-history":[{"count":1,"href":"https:\/\/www.praniacisteni.cz\/cs\/wp-json\/wp\/v2\/pages\/18\/revisions"}],"predecessor-version":[{"id":124,"href":"https:\/\/www.praniacisteni.cz\/cs\/wp-json\/wp\/v2\/pages\/18\/revisions\/124"}],"up":[{"embeddable":true,"href":"https:\/\/www.praniacisteni.cz\/cs\/wp-json\/wp\/v2\/pages\/8"}],"wp:attachment":[{"href":"https:\/\/www.praniacisteni.cz\/cs\/wp-json\/wp\/v2\/media?parent=18"}],"curies":[{"name":"wp","href":"https:\/\/api.w.org\/{rel}","templated":true}]}}