{"id":17,"date":"2024-03-13T23:30:46","date_gmt":"2024-03-13T22:30:46","guid":{"rendered":"https:\/\/client.david-stary.cz\/it-products\/praniacisteni\/cs\/?page_id=17"},"modified":"2024-03-13T23:30:46","modified_gmt":"2024-03-13T22:30:46","slug":"co-delame-a-vize","status":"publish","type":"page","link":"https:\/\/www.praniacisteni.cz\/cs\/o-nas\/co-delame-a-vize","title":{"rendered":"Co d\u011bl\u00e1me a vize"},"content":{"rendered":"<p><strong>Poskytujeme profesion\u00e1ln\u00ed \u0159e\u0161en\u00ed v\u010detn\u011b \u0159ady souvisej\u00edc\u00edch slu\u017eeb:<\/strong><\/p>\n<ul>\n<li>dlouhodob\u00fd i kr\u00e1tkodob\u00fd pron\u00e1jem a p\u016fj\u010dov\u00e1n\u00ed hotelov\u00e9ho, zdravotnick\u00e9ho i person\u00e1ln\u00edho pr\u00e1dla,<\/li>\n<li>odborn\u00e9 udr\u017eov\u00e1n\u00ed text\u00edli\u00ed,<\/li>\n<li>chemick\u00e9 \u010di\u0161t\u011bn\u00ed od\u011bv\u016f a textilu,<\/li>\n<li>servis \u010dist\u00edc\u00edch roho\u017e\u00ed,<\/li>\n<li>poradenstv\u00ed,<\/li>\n<li>n\u00e1kup a prodej pr\u00e1dla ad.<\/li>\n<\/ul>\n<p>Kvalita a komplexnost na\u0161ich slu\u017eeb uspokoj\u00ed i ty nejn\u00e1ro\u010dn\u011bj\u0161\u00ed z\u00e1kazn\u00edky.<\/p>\n<h2><strong>Na\u0161e vize<\/strong> a hodnoty<\/h2>\n<p>KVALITA \u2013 PROFESIONALITA \u2013 SPOLEHLIVOST<\/p>\n<h3>KVALITA<\/h3>\n<p>Nejd\u016fle\u017eit\u011bj\u0161\u00edm krit\u00e9riem kvality jsou pro n\u00e1s spokojen\u00ed z\u00e1kazn\u00edci. D\u016fsledn\u011b dodr\u017eujeme z\u00e1konn\u00e9 a profesn\u00ed normy. Db\u00e1me na ochranu \u017eivotn\u00edho prost\u0159ed\u00ed. Pou\u017e\u00edv\u00e1me technologii pran\u00ed a prac\u00ed prost\u0159edky od p\u0159edn\u00edch mezin\u00e1rodn\u00edch firem v oboru p\u00e9\u010de o textil. Pravideln\u00e9 zkou\u0161ky v renomovan\u00fdch textiln\u00edch zku\u0161ebn\u00edch laborato\u0159\u00edch potvrzuj\u00ed velmi dobrou kvalitu a \u0161etrnost na\u0161eho pran\u00ed.<\/p>\n<h3>PROFESIONALITA<\/h3>\n<p>Jsme \u0159\u00e1dn\u00fdm \u010dlenem Asociace pr\u00e1delen a \u010dist\u00edren \u010cesk\u00e9 republiky. Individu\u00e1ln\u00edm p\u0159\u00edstupem, sv\u00fdmi znalostmi, zku\u0161enostmi, kontakty a odborn\u00fdm poradenstv\u00edm pom\u00e1h\u00e1me z\u00e1kazn\u00edk\u016fm minimalizovat jejich n\u00e1klady i starosti. Pracujeme s nejmodern\u011bj\u0161\u00ed profesion\u00e1ln\u00ed pr\u00e1delenskou a \u010dist\u00edrenskou technikou.<\/p>\n<h3>SPOLEHLIVOST<\/h3>\n<p>Pran\u00ed a \u010di\u0161t\u011bn\u00ed je ve Velk\u00e9 Hle\u010fsebi provozov\u00e1no nep\u0159etr\u017eit\u011b ji\u017e od roku 1910. T\u00fdm na\u0161ich zku\u0161en\u00fdch pracovn\u00edk\u016f zpracov\u00e1v\u00e1 ka\u017ed\u00fd den tuny pr\u00e1dla. Rychle reagujeme na po\u017eadavky a p\u0159ipom\u00ednky z\u00e1kazn\u00edk\u016f a jsme v\u017edy p\u0159ipraven\u00ed co nejl\u00e9pe splnit jejich p\u0159\u00e1n\u00ed.<\/p>\n","protected":false},"excerpt":{"rendered":"<p>Poskytujeme profesion\u00e1ln\u00ed \u0159e\u0161en\u00ed v\u010detn\u011b \u0159ady souvisej\u00edc\u00edch slu\u017eeb: dlouhodob\u00fd i kr\u00e1tkodob\u00fd pron\u00e1jem a p\u016fj\u010dov\u00e1n\u00ed hotelov\u00e9ho, zdravotnick\u00e9ho i person\u00e1ln\u00edho pr\u00e1dla, odborn\u00e9 udr\u017eov\u00e1n\u00ed&hellip;<\/p>\n","protected":false},"author":1,"featured_media":0,"parent":8,"menu_order":2,"comment_status":"closed","ping_status":"closed","template":"","meta":{"footnotes":""},"class_list":["post-17","page","type-page","status-publish","hentry"],"_links":{"self":[{"href":"https:\/\/www.praniacisteni.cz\/cs\/wp-json\/wp\/v2\/pages\/17"}],"collection":[{"href":"https:\/\/www.praniacisteni.cz\/cs\/wp-json\/wp\/v2\/pages"}],"about":[{"href":"https:\/\/www.praniacisteni.cz\/cs\/wp-json\/wp\/v2\/types\/page"}],"author":[{"embeddable":true,"href":"https:\/\/www.praniacisteni.cz\/cs\/wp-json\/wp\/v2\/users\/1"}],"replies":[{"embeddable":true,"href":"https:\/\/www.praniacisteni.cz\/cs\/wp-json\/wp\/v2\/comments?post=17"}],"version-history":[{"count":0,"href":"https:\/\/www.praniacisteni.cz\/cs\/wp-json\/wp\/v2\/pages\/17\/revisions"}],"up":[{"embeddable":true,"href":"https:\/\/www.praniacisteni.cz\/cs\/wp-json\/wp\/v2\/pages\/8"}],"wp:attachment":[{"href":"https:\/\/www.praniacisteni.cz\/cs\/wp-json\/wp\/v2\/media?parent=17"}],"curies":[{"name":"wp","href":"https:\/\/api.w.org\/{rel}","templated":true}]}}