{"id":16,"date":"2024-03-13T23:30:31","date_gmt":"2024-03-13T22:30:31","guid":{"rendered":"https:\/\/client.david-stary.cz\/it-products\/praniacisteni\/cs\/?page_id=16"},"modified":"2024-03-13T23:30:31","modified_gmt":"2024-03-13T22:30:31","slug":"kvalita-prani","status":"publish","type":"page","link":"https:\/\/www.praniacisteni.cz\/cs\/o-nas\/kvalita-prani","title":{"rendered":"Kvalita pran\u00ed"},"content":{"rendered":"<p><strong>Garance kvality a dezinfek\u010dnosti pr\u00e1dla<\/strong><\/p>\n<p>Pr\u00e1dlo pereme dezinfek\u010dn\u00edm zp\u016fsobem a jsme stavebn\u011b, technologicky i procesn\u011b vybaveni na to, abychom dodali pr\u00e1dlo s garanc\u00ed hygienick\u00e9 nez\u00e1vadnosti. \u010c\u00e1st provozu ur\u010den\u00e1 pro pr\u00e1ci s pou\u017eit\u00fdm pr\u00e1dlem je striktn\u011b odd\u011blena od \u010dist\u00e9 \u010d\u00e1sti, p\u0159epravn\u00ed klece v\u010detn\u011b ochrann\u00fdm povlak\u016f jsou po ka\u017ed\u00e9m pou\u017eit\u00ed d\u016fsledn\u011b dezinfikov\u00e1ny. Podrobujeme se mikrobiologick\u00fdm kontrol\u00e1m, kontrol\u00e1m kvality pran\u00ed, provozu i proces\u016f. Pran\u00ed a \u010di\u0161t\u011bn\u00ed, a.s. spl\u0148uje nejp\u0159\u00edsn\u011bj\u0161\u00ed evropskou hygienickou normu pro zpracov\u00e1n\u00ed pr\u00e1dla extern\u00edmi dodavateli.<\/p>\n<p><strong>Upozorn\u011bn\u00ed<\/strong><\/p>\n<p>V sou\u010dasn\u00e9 dob\u011b vystavuje r\u016fzn\u00e1 potvrzen\u00ed o hygienick\u00e9m pran\u00ed cel\u00e1 \u0159ada pr\u00e1delen a dodavatel\u016f chemie. Nejde pouze o dezinfek\u010dnost prac\u00ed l\u00e1zn\u011b, ale o cel\u00fd soubor opat\u0159en\u00ed (k\u0159\u00ed\u017een\u00ed pou\u017eit\u00e9ho a \u010dist\u00e9ho pr\u00e1dla, dezinfekce klec\u00ed a ochrann\u00fdch obal\u016f, dezinfekce pracovn\u00edch ploch, pou\u017e\u00edv\u00e1n\u00ed person\u00e1ln\u00ed propusti, o\u0161et\u0159ov\u00e1n\u00ed pracovn\u00edch od\u011bv\u016f person\u00e1lu pr\u00e1delny, hygieny rukou, pravideln\u00e9 mikrobiologick\u00e9 laboratorn\u00ed kontroly atd.). To v\u0161e je nutn\u00e9 podrobit nez\u00e1visl\u00e9 kontrole! Pouze ofici\u00e1ln\u00ed certifikace dle nejp\u0159\u00edsn\u011bj\u0161\u00edch norem je z\u00e1rukou spr\u00e1vn\u00e9ho postupu a hygienicky nez\u00e1vadn\u00e9ho pr\u00e1dla!<\/p>\n<p>Na\u0161e pr\u00e1delna je mimo jin\u00e9 dr\u017eitelem mezin\u00e1rodn\u00edch certifik\u00e1t\u016f dle normy RAL-GZ 992\/1, RAL-GZ 992\/2, OS 80-01, OS 80-02, OS 80-03, certifik\u00e1t EN 14065 a Kontroln\u00ed syst\u00e9m biokontaminace (RABC).<\/p>\n<p>Tato certifikace je ud\u011blov\u00e1na po n\u00e1ro\u010dn\u00e9m a opakovan\u00e9m p\u0159ezkoum\u00e1v\u00e1n\u00ed kvality pran\u00ed a hygieny provozu pr\u00e1delny a za vyu\u017eit\u00ed p\u0159epadov\u00fdch kontrol. Certifikace je mezin\u00e1rodn\u011b uzn\u00e1van\u00e1 jako osv\u011bd\u010den\u00ed vysok\u00e9ho standartu jakosti a hygieny pran\u00ed a ud\u011bluje ji v\u00fdhradn\u011b n\u011bmeck\u00fd HOHENSTEIN INSTITUTE. Pr\u00e1v\u011b v N\u011bmecku i v dal\u0161\u00edch zem\u00edch je pak velmi cen\u011bna a vy\u017eadov\u00e1na pro profesion\u00e1ln\u00ed pran\u00ed hotelov\u00e9ho pr\u00e1dla.<\/p>\n<p><img loading=\"lazy\" decoding=\"async\" class=\"alignnone wp-image-63 size-full\" src=\"https:\/\/www.praniacisteni.cz\/cs\/wp-content\/uploads\/sites\/2\/2024\/03\/ral1-hotely.jpg\" alt=\"\" width=\"350\" height=\"498\" \/><\/p>\n","protected":false},"excerpt":{"rendered":"<p>Garance kvality a dezinfek\u010dnosti pr\u00e1dla Pr\u00e1dlo pereme dezinfek\u010dn\u00edm zp\u016fsobem a jsme stavebn\u011b, technologicky i procesn\u011b vybaveni na to, abychom dodali&hellip;<\/p>\n","protected":false},"author":1,"featured_media":0,"parent":8,"menu_order":1,"comment_status":"closed","ping_status":"closed","template":"","meta":{"footnotes":""},"class_list":["post-16","page","type-page","status-publish","hentry"],"_links":{"self":[{"href":"https:\/\/www.praniacisteni.cz\/cs\/wp-json\/wp\/v2\/pages\/16"}],"collection":[{"href":"https:\/\/www.praniacisteni.cz\/cs\/wp-json\/wp\/v2\/pages"}],"about":[{"href":"https:\/\/www.praniacisteni.cz\/cs\/wp-json\/wp\/v2\/types\/page"}],"author":[{"embeddable":true,"href":"https:\/\/www.praniacisteni.cz\/cs\/wp-json\/wp\/v2\/users\/1"}],"replies":[{"embeddable":true,"href":"https:\/\/www.praniacisteni.cz\/cs\/wp-json\/wp\/v2\/comments?post=16"}],"version-history":[{"count":0,"href":"https:\/\/www.praniacisteni.cz\/cs\/wp-json\/wp\/v2\/pages\/16\/revisions"}],"up":[{"embeddable":true,"href":"https:\/\/www.praniacisteni.cz\/cs\/wp-json\/wp\/v2\/pages\/8"}],"wp:attachment":[{"href":"https:\/\/www.praniacisteni.cz\/cs\/wp-json\/wp\/v2\/media?parent=16"}],"curies":[{"name":"wp","href":"https:\/\/api.w.org\/{rel}","templated":true}]}}